{"id":1182,"date":"2026-03-19T12:43:52","date_gmt":"2026-03-19T12:43:52","guid":{"rendered":"https:\/\/asfos.com\/actualites-et-medias\/"},"modified":"2026-03-27T10:03:30","modified_gmt":"2026-03-27T10:03:30","slug":"actualites-et-medias","status":"publish","type":"page","link":"https:\/\/asfos.com\/fr\/actualites-et-medias\/","title":{"rendered":"Actualit\u00e9s et m\u00e9dias"},"content":{"rendered":"\t\t<div data-elementor-type=\"wp-page\" data-elementor-id=\"1182\" class=\"elementor elementor-1182 elementor-1168\" data-elementor-post-type=\"page\">\n\t\t\t\t<div class=\"elementor-element elementor-element-3038d68 e-flex e-con-boxed e-con e-parent\" data-id=\"3038d68\" data-element_type=\"container\" data-e-type=\"container\" data-settings=\"{&quot;background_background&quot;:&quot;classic&quot;}\">\n\t\t\t\t\t<div class=\"e-con-inner\">\n\t\t\t\t<div class=\"elementor-element elementor-element-48ba3ce elementor-widget elementor-widget-heading\" data-id=\"48ba3ce\" data-element_type=\"widget\" data-e-type=\"widget\" data-widget_type=\"heading.default\">\n\t\t\t\t<div class=\"elementor-widget-container\">\n\t\t\t\t\t<h1 class=\"elementor-heading-title elementor-size-default\">Actualit\u00e9s et m\u00e9dias<\/h1>\t\t\t\t<\/div>\n\t\t\t\t<\/div>\n\t\t\t\t\t<\/div>\n\t\t\t\t<\/div>\n\t\t<div class=\"elementor-element elementor-element-5c303e4 e-flex e-con-boxed e-con e-parent\" data-id=\"5c303e4\" data-element_type=\"container\" data-e-type=\"container\">\n\t\t\t\t\t<div class=\"e-con-inner\">\n\t\t<div class=\"elementor-element elementor-element-d58c577 e-con-full e-flex e-con e-child\" data-id=\"d58c577\" data-element_type=\"container\" data-e-type=\"container\">\n\t\t\t\t<div class=\"elementor-element elementor-element-ff73a19 elementor-widget elementor-widget-heading\" data-id=\"ff73a19\" data-element_type=\"widget\" data-e-type=\"widget\" data-widget_type=\"heading.default\">\n\t\t\t\t<div class=\"elementor-widget-container\">\n\t\t\t\t\t<h2 class=\"elementor-heading-title elementor-size-default\">NEWS<\/h2>\t\t\t\t<\/div>\n\t\t\t\t<\/div>\n\t\t\t\t<div class=\"elementor-element elementor-element-fa3b386 elementor-widget elementor-widget-elementskit-blog-posts\" data-id=\"fa3b386\" data-element_type=\"widget\" data-e-type=\"widget\" data-widget_type=\"elementskit-blog-posts.default\">\n\t\t\t\t<div class=\"elementor-widget-container\">\n\t\t\t\t\t<div class=\"ekit-wid-con\" >        <div id=\"post-items--fa3b386\" class=\"row post-items\">\n                    <div class=\"col-md-12\">\n\n                                    <div class=\"elementskit-blog-block-post\">\n                        <div class=\"row no-gutters\">\n                            \n                            <div class=\"col-md-12 order-2\">\n                                <div class=\"elementskit-post-body \">\n                                    <div class=\"elementskit-entry-header\">\n                                        \n                                                                                            \t\t\t\t\t                                            \n                                            \n                                                                                            \t\t\t\t<h2 class=\"entry-title\">\n\t\t\t\t\t<a href=\"https:\/\/asfos.com\/fr\/asfos-joins-global-elite-with-wealth-briefing-award\/\">\n\t\t\t\t\t\tASFOS Joins Global Elite With Wealth Briefing Award\t\t\t\t\t<\/a>\n\t\t\t\t<\/h2>\n\t\t\t                                                                                <\/div><!-- .elementskit-entry-header END -->\n\n                                                                            <div class=\"elementskit-post-footer\">\n                                                                                            <p>Leading wealth management firm, ASFOS, is proud to announce its recognition as a winner\u00a0in the following category at the WealthBriefing European Awards 2026. Most Promising\u2026<\/p>\n                                                                                                                                <\/div><!-- .elementskit-post-footer END -->\n                                                                    <\/div><!-- .elementskit-post-body END -->\n                            <\/div>\n                        <\/div>\n                    <\/div><!-- .elementskit-blog-block-post .radius .gradient-bg END -->\n                \n            <\/div>\n                <\/div>\n       <\/div>\t\t\t\t<\/div>\n\t\t\t\t<\/div>\n\t\t\t\t<\/div>\n\t\t<div class=\"elementor-element elementor-element-d54f5e6 e-con-full e-flex e-con e-child\" data-id=\"d54f5e6\" data-element_type=\"container\" data-e-type=\"container\">\n\t\t\t\t<div class=\"elementor-element elementor-element-c4ec03f elementor-widget elementor-widget-heading\" data-id=\"c4ec03f\" data-element_type=\"widget\" data-e-type=\"widget\" data-widget_type=\"heading.default\">\n\t\t\t\t<div class=\"elementor-widget-container\">\n\t\t\t\t\t<h2 class=\"elementor-heading-title elementor-size-default\">INSIGHTS<\/h2>\t\t\t\t<\/div>\n\t\t\t\t<\/div>\n\t\t\t\t<div class=\"elementor-element elementor-element-5e7a281 elementor-widget elementor-widget-elementskit-blog-posts\" data-id=\"5e7a281\" data-element_type=\"widget\" data-e-type=\"widget\" data-widget_type=\"elementskit-blog-posts.default\">\n\t\t\t\t<div class=\"elementor-widget-container\">\n\t\t\t\t\t<div class=\"ekit-wid-con\" >        <div id=\"post-items--5e7a281\" class=\"row post-items\">\n                    <div class=\"col-md-12\">\n\n                                    <div class=\"elementskit-blog-block-post\">\n                        <div class=\"row no-gutters\">\n                            \n                            <div class=\"col-md-12 order-2\">\n                                <div class=\"elementskit-post-body \">\n                                    <div class=\"elementskit-entry-header\">\n                                        \n                                                                                            \t\t\t\t\t                                            \n                                            \n                                                                                            \t\t\t\t<h2 class=\"entry-title\">\n\t\t\t\t\t<a href=\"https:\/\/asfos.com\/fr\/lindependance-nest-pas-un-produit-cest-une-posture\/\">\n\t\t\t\t\t\tL\u2019ind\u00e9pendance n\u2019est pas un produit. C\u2019est une posture\t\t\t\t\t<\/a>\n\t\t\t\t<\/h2>\n\t\t\t                                                                                <\/div><!-- .elementskit-entry-header END -->\n\n                                                                            <div class=\"elementskit-post-footer\">\n                                                                                            <p>Chaque acteur de la gestion de patrimoine se d\u00e9crit comme ind\u00e9pendant. Le mot a \u00e9t\u00e9 \u00e9tir\u00e9 \u00e0 un point tel qu\u2019il a presque perdu toute\u2026<\/p>\n                                                                                                                                <\/div><!-- .elementskit-post-footer END -->\n                                                                    <\/div><!-- .elementskit-post-body END -->\n                            <\/div>\n                        <\/div>\n                    <\/div><!-- .elementskit-blog-block-post .radius .gradient-bg END -->\n                \n            <\/div>\n                <\/div>\n       <\/div>\t\t\t\t<\/div>\n\t\t\t\t<\/div>\n\t\t\t\t<\/div>\n\t\t\t\t\t<\/div>\n\t\t\t\t<\/div>\n\t\t\t\t<\/div>\n\t\t","protected":false},"excerpt":{"rendered":"<p>Actualit\u00e9s et m\u00e9dias NEWS ASFOS Joins Global Elite With Wealth Briefing Award Leading wealth management firm, ASFOS, is proud to announce its recognition as a winner\u00a0in the following category at the WealthBriefing European Awards 2026. Most Promising&hellip; INSIGHTS Test Insight Post Lorem Ipsum\u00a0is simply dummy text of the printing and typesetting industry. Lorem Ipsum has [&hellip;]<\/p>\n","protected":false},"author":2,"featured_media":0,"parent":0,"menu_order":0,"comment_status":"closed","ping_status":"closed","template":"elementor_header_footer","meta":{"footnotes":""},"class_list":["post-1182","page","type-page","status-publish","hentry"],"yoast_head":"<!-- This site is optimized with the Yoast SEO plugin v27.3 - https:\/\/yoast.com\/product\/yoast-seo-wordpress\/ -->\n<title>ASFOS Actualit\u00e9s &amp; M\u00e9dias | Analyses et Publications<\/title>\n<meta name=\"description\" content=\"D\u00e9couvrez les actualit\u00e9s et publications ASFOS. Acc\u00e9dez \u00e0 nos analyses de march\u00e9, tendances d\u2019investissement et prises de parole dans les m\u00e9dias.\" \/>\n<meta name=\"robots\" content=\"index, follow, max-snippet:-1, max-image-preview:large, max-video-preview:-1\" \/>\n<link rel=\"canonical\" href=\"https:\/\/asfos.com\/news-media\/\" \/>\n<meta property=\"og:locale\" content=\"fr_FR\" \/>\n<meta property=\"og:type\" content=\"article\" \/>\n<meta property=\"og:title\" content=\"ASFOS Actualit\u00e9s &amp; M\u00e9dias | Analyses et Publications\" \/>\n<meta property=\"og:description\" content=\"D\u00e9couvrez les actualit\u00e9s et publications ASFOS. Acc\u00e9dez \u00e0 nos analyses de march\u00e9, tendances d\u2019investissement et prises de parole dans les m\u00e9dias.\" \/>\n<meta property=\"og:url\" content=\"https:\/\/asfos.com\/news-media\/\" \/>\n<meta property=\"og:site_name\" content=\"ASFOS\" \/>\n<meta property=\"article:modified_time\" content=\"2026-03-27T10:03:30+00:00\" \/>\n<meta name=\"twitter:card\" content=\"summary_large_image\" \/>\n<meta name=\"twitter:label1\" content=\"Dur\u00e9e de lecture estim\u00e9e\" \/>\n\t<meta name=\"twitter:data1\" content=\"1 minute\" \/>\n<script type=\"application\/ld+json\" class=\"yoast-schema-graph\">{\"@context\":\"https:\\\/\\\/schema.org\",\"@graph\":[{\"@type\":\"WebPage\",\"@id\":\"https:\\\/\\\/asfos.com\\\/news-media\\\/\",\"url\":\"https:\\\/\\\/asfos.com\\\/news-media\\\/\",\"name\":\"ASFOS Actualit\u00e9s & M\u00e9dias | Analyses et Publications\",\"isPartOf\":{\"@id\":\"https:\\\/\\\/asfos.com\\\/#website\"},\"datePublished\":\"2026-03-19T12:43:52+00:00\",\"dateModified\":\"2026-03-27T10:03:30+00:00\",\"description\":\"D\u00e9couvrez les actualit\u00e9s et publications ASFOS. Acc\u00e9dez \u00e0 nos analyses de march\u00e9, tendances d\u2019investissement et prises de parole dans les m\u00e9dias.\",\"breadcrumb\":{\"@id\":\"https:\\\/\\\/asfos.com\\\/news-media\\\/#breadcrumb\"},\"inLanguage\":\"fr-FR\",\"potentialAction\":[{\"@type\":\"ReadAction\",\"target\":[\"https:\\\/\\\/asfos.com\\\/news-media\\\/\"]}]},{\"@type\":\"BreadcrumbList\",\"@id\":\"https:\\\/\\\/asfos.com\\\/news-media\\\/#breadcrumb\",\"itemListElement\":[{\"@type\":\"ListItem\",\"position\":1,\"name\":\"Home\",\"item\":\"https:\\\/\\\/asfos.com\\\/\"},{\"@type\":\"ListItem\",\"position\":2,\"name\":\"Actualit\u00e9s et m\u00e9dias\"}]},{\"@type\":\"WebSite\",\"@id\":\"https:\\\/\\\/asfos.com\\\/#website\",\"url\":\"https:\\\/\\\/asfos.com\\\/\",\"name\":\"ASFOS\",\"description\":\"\",\"publisher\":{\"@id\":\"https:\\\/\\\/asfos.com\\\/#organization\"},\"potentialAction\":[{\"@type\":\"SearchAction\",\"target\":{\"@type\":\"EntryPoint\",\"urlTemplate\":\"https:\\\/\\\/asfos.com\\\/?s={search_term_string}\"},\"query-input\":{\"@type\":\"PropertyValueSpecification\",\"valueRequired\":true,\"valueName\":\"search_term_string\"}}],\"inLanguage\":\"fr-FR\"},{\"@type\":\"Organization\",\"@id\":\"https:\\\/\\\/asfos.com\\\/#organization\",\"name\":\"ASFOS\",\"url\":\"https:\\\/\\\/asfos.com\\\/\",\"logo\":{\"@type\":\"ImageObject\",\"inLanguage\":\"fr-FR\",\"@id\":\"https:\\\/\\\/asfos.com\\\/#\\\/schema\\\/logo\\\/image\\\/\",\"url\":\"https:\\\/\\\/asfos.com\\\/wp-content\\\/uploads\\\/2025\\\/05\\\/cropped-image1.png\",\"contentUrl\":\"https:\\\/\\\/asfos.com\\\/wp-content\\\/uploads\\\/2025\\\/05\\\/cropped-image1.png\",\"width\":512,\"height\":512,\"caption\":\"ASFOS\"},\"image\":{\"@id\":\"https:\\\/\\\/asfos.com\\\/#\\\/schema\\\/logo\\\/image\\\/\"},\"sameAs\":[\"https:\\\/\\\/www.linkedin.com\\\/company\\\/asfos\\\/\"]}]}<\/script>\n<!-- \/ Yoast SEO plugin. -->","yoast_head_json":{"title":"ASFOS Actualit\u00e9s & M\u00e9dias | Analyses et Publications","description":"D\u00e9couvrez les actualit\u00e9s et publications ASFOS. Acc\u00e9dez \u00e0 nos analyses de march\u00e9, tendances d\u2019investissement et prises de parole dans les m\u00e9dias.","robots":{"index":"index","follow":"follow","max-snippet":"max-snippet:-1","max-image-preview":"max-image-preview:large","max-video-preview":"max-video-preview:-1"},"canonical":"https:\/\/asfos.com\/news-media\/","og_locale":"fr_FR","og_type":"article","og_title":"ASFOS Actualit\u00e9s & M\u00e9dias | Analyses et Publications","og_description":"D\u00e9couvrez les actualit\u00e9s et publications ASFOS. Acc\u00e9dez \u00e0 nos analyses de march\u00e9, tendances d\u2019investissement et prises de parole dans les m\u00e9dias.","og_url":"https:\/\/asfos.com\/news-media\/","og_site_name":"ASFOS","article_modified_time":"2026-03-27T10:03:30+00:00","twitter_card":"summary_large_image","twitter_misc":{"Dur\u00e9e de lecture estim\u00e9e":"1 minute"},"schema":{"@context":"https:\/\/schema.org","@graph":[{"@type":"WebPage","@id":"https:\/\/asfos.com\/news-media\/","url":"https:\/\/asfos.com\/news-media\/","name":"ASFOS Actualit\u00e9s & M\u00e9dias | Analyses et Publications","isPartOf":{"@id":"https:\/\/asfos.com\/#website"},"datePublished":"2026-03-19T12:43:52+00:00","dateModified":"2026-03-27T10:03:30+00:00","description":"D\u00e9couvrez les actualit\u00e9s et publications ASFOS. Acc\u00e9dez \u00e0 nos analyses de march\u00e9, tendances d\u2019investissement et prises de parole dans les m\u00e9dias.","breadcrumb":{"@id":"https:\/\/asfos.com\/news-media\/#breadcrumb"},"inLanguage":"fr-FR","potentialAction":[{"@type":"ReadAction","target":["https:\/\/asfos.com\/news-media\/"]}]},{"@type":"BreadcrumbList","@id":"https:\/\/asfos.com\/news-media\/#breadcrumb","itemListElement":[{"@type":"ListItem","position":1,"name":"Home","item":"https:\/\/asfos.com\/"},{"@type":"ListItem","position":2,"name":"Actualit\u00e9s et m\u00e9dias"}]},{"@type":"WebSite","@id":"https:\/\/asfos.com\/#website","url":"https:\/\/asfos.com\/","name":"ASFOS","description":"","publisher":{"@id":"https:\/\/asfos.com\/#organization"},"potentialAction":[{"@type":"SearchAction","target":{"@type":"EntryPoint","urlTemplate":"https:\/\/asfos.com\/?s={search_term_string}"},"query-input":{"@type":"PropertyValueSpecification","valueRequired":true,"valueName":"search_term_string"}}],"inLanguage":"fr-FR"},{"@type":"Organization","@id":"https:\/\/asfos.com\/#organization","name":"ASFOS","url":"https:\/\/asfos.com\/","logo":{"@type":"ImageObject","inLanguage":"fr-FR","@id":"https:\/\/asfos.com\/#\/schema\/logo\/image\/","url":"https:\/\/asfos.com\/wp-content\/uploads\/2025\/05\/cropped-image1.png","contentUrl":"https:\/\/asfos.com\/wp-content\/uploads\/2025\/05\/cropped-image1.png","width":512,"height":512,"caption":"ASFOS"},"image":{"@id":"https:\/\/asfos.com\/#\/schema\/logo\/image\/"},"sameAs":["https:\/\/www.linkedin.com\/company\/asfos\/"]}]}},"_links":{"self":[{"href":"https:\/\/asfos.com\/fr\/wp-json\/wp\/v2\/pages\/1182","targetHints":{"allow":["GET"]}}],"collection":[{"href":"https:\/\/asfos.com\/fr\/wp-json\/wp\/v2\/pages"}],"about":[{"href":"https:\/\/asfos.com\/fr\/wp-json\/wp\/v2\/types\/page"}],"author":[{"embeddable":true,"href":"https:\/\/asfos.com\/fr\/wp-json\/wp\/v2\/users\/2"}],"replies":[{"embeddable":true,"href":"https:\/\/asfos.com\/fr\/wp-json\/wp\/v2\/comments?post=1182"}],"version-history":[{"count":11,"href":"https:\/\/asfos.com\/fr\/wp-json\/wp\/v2\/pages\/1182\/revisions"}],"predecessor-version":[{"id":1420,"href":"https:\/\/asfos.com\/fr\/wp-json\/wp\/v2\/pages\/1182\/revisions\/1420"}],"wp:attachment":[{"href":"https:\/\/asfos.com\/fr\/wp-json\/wp\/v2\/media?parent=1182"}],"curies":[{"name":"wp","href":"https:\/\/api.w.org\/{rel}","templated":true}]}}